{"id":84,"date":"2021-07-03T13:22:17","date_gmt":"2021-07-03T11:22:17","guid":{"rendered":"https:\/\/awos-autovermietung.de\/verkaufen\/?post_type=product&#038;p=84"},"modified":"2021-07-03T13:22:17","modified_gmt":"2021-07-03T11:22:17","slug":"buschipack-kleiderbox","status":"publish","type":"product","link":"https:\/\/awos-autovermietung.de\/verkaufen\/produkt\/buschipack-kleiderbox\/","title":{"rendered":"BuschiPack Kleiderbox"},"content":{"rendered":"<h2><b>Besser und sicherer umziehen mit den BuschiPack Kleiderboxen<\/b><\/h2>\n<p>Die BuschiPack Kleiderbox l\u00e4sst sich ohne Werkzeug schnell aufstellen, \u00e4hnlich einem Umzugskarton.<\/p>\n<p>Die Kleiderbox ist aus hochwertigem Wabenkunststoff hergestellt. Dadurch ist sie sehr leicht und trotzdem extrem belastbar, stabil und langlebig. Die Kleiderbox ist au\u00dferdem sehr leicht zu reinigen.<\/p>\n<h3><b>Ideal, wenn Sie mit einem sicheren Gef\u00fchl umziehen m\u00f6chten.<\/b><\/h3>\n<p>Die BuschiPack Umzugsbox sch\u00fctzt Deine Kleidung beim Umzug vor Wind und Wetter. Regenwasser kann der Box und ihrem Inhalt nichts anhaben. Du kannst bis zu 50 kg problemlos damit transportieren.<\/p>\n<p><b>Kleiderb\u00fcgel werden an der mitgelieferten stabilen Metall &#8211; Kleiderstange aufgeh\u00e4ngt.<\/b><\/p>\n<p>Die Box mit ihrer H\u00f6he von 135 cm bietet ausreichend Platz, um zus\u00e4tzlich zusammengelegte Kleidungsst\u00fccke oder Schuhe im unteren Bereich der Box zu transportieren.<\/p>\n<h3><b>Darf\u2019s<\/b>\u00a0<b>ein bisschen mehr sein?<\/b><\/h3>\n<p>Der BuschiPack Kunststoff Kleiderkarton ist f\u00fcr den\u00a0vielfachen\u00a0Einsatz konzipiert.<\/p>\n<p>Diese Umzugsbox wird Dich bei vielen Umz\u00fcgen begleiten. Sie ist ebenso f\u00fcr Umzugsunternehmen perfekt geeignet, um bei vielen Umz\u00fcgen professionellen Service zu bieten.<\/p>\n<p>F\u00fcr ein langes Kleiderboxleben haben wir an den vorderen \u00d6ffnungen stabile Randverst\u00e4rkungen sowie zus\u00e4tzliche Eckb\u00e4nder vorgesehen.<\/p>\n<p>&nbsp;<\/p>\n<h3><b>Hinweise zur Buschipack Umzugsbox<\/b><\/h3>\n<p>&#8211; Format der Box zusammengebaut: 60 x 50 x 135 cm<br \/>\n&#8211; Format zusammengeklappt: ca. 212 x 111 x 2 cm<br \/>\n&#8211; Lieferumfang: 5 Kleiderboxen mit Kleiderstange<br \/>\n&#8211; Dicke des Materials: 5 mm<br \/>\n&#8211; Metall &#8211; Kleiderstangen werden mitgeliefert<br \/>\n&#8211; Aufbauanleitung kann \u00fcber QR Code auf der Box aufgerufen werden<\/p>\n","protected":false},"excerpt":{"rendered":"<p>Umzugsbox aus Kunststoff: 135 x 60 x 50 cm<\/p>\n<p>Langlebig, Wiederverwendbar, hohe Tragkraft, Robust, bis zu 50 kg<\/p>\n","protected":false},"featured_media":85,"comment_status":"open","ping_status":"closed","template":"","meta":[],"product_cat":[22],"product_tag":[46,45,44,28,27],"_links":{"self":[{"href":"https:\/\/awos-autovermietung.de\/verkaufen\/wp-json\/wp\/v2\/product\/84"}],"collection":[{"href":"https:\/\/awos-autovermietung.de\/verkaufen\/wp-json\/wp\/v2\/product"}],"about":[{"href":"https:\/\/awos-autovermietung.de\/verkaufen\/wp-json\/wp\/v2\/types\/product"}],"replies":[{"embeddable":true,"href":"https:\/\/awos-autovermietung.de\/verkaufen\/wp-json\/wp\/v2\/comments?post=84"}],"wp:featuredmedia":[{"embeddable":true,"href":"https:\/\/awos-autovermietung.de\/verkaufen\/wp-json\/wp\/v2\/media\/85"}],"wp:attachment":[{"href":"https:\/\/awos-autovermietung.de\/verkaufen\/wp-json\/wp\/v2\/media?parent=84"}],"wp:term":[{"taxonomy":"product_cat","embeddable":true,"href":"https:\/\/awos-autovermietung.de\/verkaufen\/wp-json\/wp\/v2\/product_cat?post=84"},{"taxonomy":"product_tag","embeddable":true,"href":"https:\/\/awos-autovermietung.de\/verkaufen\/wp-json\/wp\/v2\/product_tag?post=84"}],"curies":[{"name":"wp","href":"https:\/\/api.w.org\/{rel}","templated":true}]}}