{"id":86,"date":"2021-07-03T09:10:28","date_gmt":"2021-07-03T07:10:28","guid":{"rendered":"https:\/\/awos-autovermietung.de\/verkaufen\/?post_type=product&#038;p=86"},"modified":"2021-09-16T11:56:26","modified_gmt":"2021-09-16T09:56:26","slug":"umzugsdecken-premium-plus","status":"publish","type":"product","link":"https:\/\/awos-autovermietung.de\/verkaufen\/produkt\/umzugsdecken-premium-plus\/","title":{"rendered":"Umzugsdecken (Premium Plus)"},"content":{"rendered":"<div class=\"product-attributes\">\n<div class=\"table-responsive\">\n<table class=\"table table-striped table-bordered\">\n<tbody>\n<tr class=\"attr-custom\">\n<td class=\"attr-label word-break\">Grammatur:<\/td>\n<td class=\"attr-value\">400 gr.\/m\u00b2<\/td>\n<\/tr>\n<tr class=\"attr-custom\">\n<td class=\"attr-label word-break\">Gr\u00f6\u00dfe:<\/td>\n<td class=\"attr-value\">150 x 250 cm (3,75 m\u00b2)<\/td>\n<\/tr>\n<tr class=\"attr-custom\">\n<td class=\"attr-label word-break\">Farbe:<\/td>\n<td class=\"attr-value\">schwarz\/grau<\/td>\n<\/tr>\n<tr class=\"attr-custom\">\n<td class=\"attr-label word-break\">Menge\/Palette:<\/td>\n<td class=\"attr-value\">180 stk.<\/td>\n<\/tr>\n<\/tbody>\n<\/table>\n<\/div>\n<\/div>\n<div class=\"desc\">\n<ul>\n<li>Innenmaterial: Wolle-\/Baumwolle, Viskose, Synthesefaser<\/li>\n<li>Au\u00dfenmaterial: Synthesefasern<\/li>\n<li>erh\u00f6hte Strapazierf\u00e4higkeit und l\u00e4ngere Lebensdauer<\/li>\n<li>der sichere Schutz f\u00fcr Transport, Umzug, Lagerung u.v.m.<\/li>\n<li>waschbar (30\u00b0 C)<\/li>\n<li>ISO 9001:2015 Zertifizierung<\/li>\n<li>TKE gem\u00e4\u00df VO 1007\/2011: Erzeugnis unbestimmter Zusammensetzung<\/li>\n<\/ul>\n<\/div>\n","protected":false},"excerpt":{"rendered":"<p>Gr\u00f6\u00dfe: 150 x 250 cm (3,75 m\u00b2); Farbe: schwarzgrau; Syntetikfaser;<\/p>\n<p>Lange Lebensdauer, waschbar (30\u00b0 C); Palette = 180 Stk.<\/p>\n","protected":false},"featured_media":87,"comment_status":"open","ping_status":"closed","template":"","meta":[],"product_cat":[24],"product_tag":[34,35,36,28,27,33],"_links":{"self":[{"href":"https:\/\/awos-autovermietung.de\/verkaufen\/wp-json\/wp\/v2\/product\/86"}],"collection":[{"href":"https:\/\/awos-autovermietung.de\/verkaufen\/wp-json\/wp\/v2\/product"}],"about":[{"href":"https:\/\/awos-autovermietung.de\/verkaufen\/wp-json\/wp\/v2\/types\/product"}],"replies":[{"embeddable":true,"href":"https:\/\/awos-autovermietung.de\/verkaufen\/wp-json\/wp\/v2\/comments?post=86"}],"wp:featuredmedia":[{"embeddable":true,"href":"https:\/\/awos-autovermietung.de\/verkaufen\/wp-json\/wp\/v2\/media\/87"}],"wp:attachment":[{"href":"https:\/\/awos-autovermietung.de\/verkaufen\/wp-json\/wp\/v2\/media?parent=86"}],"wp:term":[{"taxonomy":"product_cat","embeddable":true,"href":"https:\/\/awos-autovermietung.de\/verkaufen\/wp-json\/wp\/v2\/product_cat?post=86"},{"taxonomy":"product_tag","embeddable":true,"href":"https:\/\/awos-autovermietung.de\/verkaufen\/wp-json\/wp\/v2\/product_tag?post=86"}],"curies":[{"name":"wp","href":"https:\/\/api.w.org\/{rel}","templated":true}]}}