{"id":88,"date":"2021-07-03T09:16:44","date_gmt":"2021-07-03T07:16:44","guid":{"rendered":"https:\/\/awos-autovermietung.de\/verkaufen\/?post_type=product&#038;p=88"},"modified":"2023-12-11T04:02:31","modified_gmt":"2023-12-11T03:02:31","slug":"handstretchfolie-vorgedehnt-transparent-8-%c2%b5","status":"publish","type":"product","link":"https:\/\/awos-autovermietung.de\/verkaufen\/produkt\/handstretchfolie-vorgedehnt-transparent-8-%c2%b5\/","title":{"rendered":"Handstretchfolie, vorgedehnt, transparent, 8 \u00b5"},"content":{"rendered":"<p>Produktinformationen &#8220;Handstretchfolie, vorgedehnt, transparent, 8 \u00b5&#8221;<br \/>\n420 mm x 600 lfm.<br \/>\nWirtschaftliches Einstretchen b\u00fcndig gepackten Packgutes<br \/>\nVolle Nutzbreite, da vorgedehnt<br \/>\nGeringer Kraft- und Zeitaufwand<br \/>\nHohe Rei\u00df- und Durchsto\u00dffestigkeit<br \/>\nLeichtes Handling durch geringes Rollengewicht<br \/>\nHohe Sicherheit durch gleichm\u00e4\u00dfige R\u00fcckstellkraft und hohe Haftung<br \/>\nWeniger Abfall durch d\u00fcnneres Material, dadurch geringere Entsorgungskosten<br \/>\nBeidseitig Stretchfolien-Haftung<br \/>\nKerndurchmesser: 50 mm<br \/>\nGewicht\/Rolle: ca. 2,42 kg<\/p>\n","protected":false},"excerpt":{"rendered":"<p>420 mm x 600 lfm;\u00a0 Beidseitig Stretchfolien-Haftung<br \/>\nKerndurchmesser: 50 mm; Gewicht\/Rolle: ca. 2,42 kg<\/p>\n","protected":false},"featured_media":89,"comment_status":"open","ping_status":"closed","template":"","meta":[],"product_cat":[24,25],"product_tag":[37,38,30],"_links":{"self":[{"href":"https:\/\/awos-autovermietung.de\/verkaufen\/wp-json\/wp\/v2\/product\/88"}],"collection":[{"href":"https:\/\/awos-autovermietung.de\/verkaufen\/wp-json\/wp\/v2\/product"}],"about":[{"href":"https:\/\/awos-autovermietung.de\/verkaufen\/wp-json\/wp\/v2\/types\/product"}],"replies":[{"embeddable":true,"href":"https:\/\/awos-autovermietung.de\/verkaufen\/wp-json\/wp\/v2\/comments?post=88"}],"wp:featuredmedia":[{"embeddable":true,"href":"https:\/\/awos-autovermietung.de\/verkaufen\/wp-json\/wp\/v2\/media\/89"}],"wp:attachment":[{"href":"https:\/\/awos-autovermietung.de\/verkaufen\/wp-json\/wp\/v2\/media?parent=88"}],"wp:term":[{"taxonomy":"product_cat","embeddable":true,"href":"https:\/\/awos-autovermietung.de\/verkaufen\/wp-json\/wp\/v2\/product_cat?post=88"},{"taxonomy":"product_tag","embeddable":true,"href":"https:\/\/awos-autovermietung.de\/verkaufen\/wp-json\/wp\/v2\/product_tag?post=88"}],"curies":[{"name":"wp","href":"https:\/\/api.w.org\/{rel}","templated":true}]}}